{"id":24,"date":"2014-03-16T22:52:31","date_gmt":"2014-03-16T20:52:31","guid":{"rendered":"http:\/\/www.voltigieren-rathsberg.de\/wp\/?page_id=24"},"modified":"2019-12-05T18:07:40","modified_gmt":"2019-12-05T17:07:40","slug":"links","status":"publish","type":"page","link":"https:\/\/www.voltigieren-rathsberg.de\/wp\/links\/","title":{"rendered":"Links"},"content":{"rendered":"<div class=\"fusion-fullwidth fullwidth-box fusion-builder-row-1 hundred-percent-fullwidth non-hundred-percent-height-scrolling\" style=\"--awb-border-radius-top-left:0px;--awb-border-radius-top-right:0px;--awb-border-radius-bottom-right:0px;--awb-border-radius-bottom-left:0px;--awb-overflow:visible;--awb-flex-wrap:wrap;\" ><div class=\"fusion-builder-row fusion-row\"><div class=\"fusion-layout-column fusion_builder_column fusion-builder-column-0 fusion_builder_column_1_1 1_1 fusion-one-full fusion-column-first fusion-column-last fusion-column-no-min-height\" style=\"--awb-bg-size:cover;--awb-margin-bottom:0px;\"><div class=\"fusion-column-wrapper fusion-flex-column-wrapper-legacy\"><div class=\"fusion-title title fusion-title-1 fusion-title-text fusion-title-size-two\"><h2 class=\"fusion-title-heading title-heading-left\" style=\"margin:0;\">Einige Links zum Thema Voltigieren<\/h2><span class=\"awb-title-spacer\"><\/span><div class=\"title-sep-container\"><div class=\"title-sep sep-double sep-solid\" style=\"border-color:#e0dede;\"><\/div><\/div><\/div><div class=\"fusion-clearfix\"><\/div><\/div><\/div><div class=\"fusion-layout-column fusion_builder_column fusion-builder-column-1 fusion_builder_column_1_1 1_1 fusion-one-full fusion-column-first fusion-column-last fusion-column-no-min-height\" style=\"--awb-bg-size:cover;--awb-margin-bottom:0px;\"><div class=\"fusion-column-wrapper fusion-flex-column-wrapper-legacy\"><div class=\"fusion-sep-clear\"><\/div><div class=\"fusion-separator fusion-full-width-sep\" style=\"margin-left: auto;margin-right: auto;margin-top:10px;margin-bottom:10px;width:100%;\"><\/div><div class=\"fusion-sep-clear\"><\/div><div class=\"fusion-content-boxes content-boxes columns row fusion-columns-3 fusion-columns-total-3 fusion-content-boxes-1 content-boxes-icon-boxed content-left\" style=\"--awb-backgroundcolor:#f6f6f6;--awb-iconcolor:#000000;--awb-hover-accent-color:#a0ce4e;--awb-circle-hover-accent-color:#a0ce4e;\" data-animationOffset=\"top-into-view\"><div style=\"--awb-backgroundcolor:#f6f6f6;--awb-iconcolor:#000000;\" class=\"fusion-column content-box-column content-box-column content-box-column-1 col-lg-4 col-md-4 col-sm-4 fusion-content-box-hover content-box-column-first-in-row\"><div class=\"col content-box-wrapper content-wrapper-background content-wrapper-boxed link-area-link-icon icon-hover-animation-fade\" data-animationOffset=\"top-into-view\"><div class=\"heading heading-with-icon icon-left\"><div class=\"icon\"><i style=\"border-color:#000000;border-width:1px;background-color:#ffffff;box-sizing:content-box;height:42px;width:42px;line-height:42px;top:-71px;margin-left:-21px;border-radius:50%;font-size:21px;\" aria-hidden=\"true\" class=\"fontawesome-icon fa-info-circle fas circle-yes\"><\/i><\/div><h2 class=\"content-box-heading\" style=\"--h2_typography-font-size:18px;line-height:23px;\">Allgemein<\/h2><\/div><div class=\"fusion-clearfix\"><\/div><div class=\"content-container\">\n<p><a title=\"Voltigieren Poxdorf\" href=\"http:\/\/www.rc-poxdorf.de\" target=\"_blank\" rel=\"noopener noreferrer\">Reitclub in der Point Poxdorf<br \/>\n<\/a><a title=\"Voltigieren in Bayern\" href=\"http:\/\/www.voltigierenbayern.de\" target=\"_blank\" rel=\"noopener noreferrer\">Voltigieren in Bayern<\/a><br \/>\n<a title=\"Voltigier Forum\" href=\"https:\/\/www.voltigierforum.de\/\" target=\"_blank\" rel=\"noopener noreferrer\">Voltigier Forum<br \/>\n<\/a><a title=\"Der Voltigierzirkel e.V.\" href=\"http:\/\/www.voltigierzirkel.de\" target=\"_blank\" rel=\"noopener noreferrer\">Der Voltigierzirkel<\/a><br \/>\n<a title=\"Landes-Leistungs-Zentrum Voltigieren Bayern\" href=\"http:\/\/llz-voltigieren-bayern.jimdo.com\" target=\"_blank\" rel=\"noopener noreferrer\">Landesleistungszentrum<\/a><br \/>\n<a title=\"Volti Augenblicke\" href=\"http:\/\/voltiaugenblicke.jimdo.com\" target=\"_blank\" rel=\"noopener noreferrer\">voltiaugenblicke<\/a><br \/>\n<a title=\"Marcs Voltigierclips und DVDs\" href=\"http:\/\/www.voltigierdvd.de\" target=\"_blank\" rel=\"noopener noreferrer\">Marc\u2018s Voltigierclips + DVDs<\/a><br \/>\n<a title=\"https:\/\/www.youtube.com\/c\/ThomasMangold2\" href=\"https:\/\/www.youtube.com\/c\/ThomasMangold2\" target=\"_blank\" rel=\"noopener noreferrer\">Thomas&#8216; Voltigiervideos<br \/>\n<\/a><a href=\"http:\/\/www.voltigierservice.de\" target=\"_blank\" rel=\"noopener noreferrer\">Voltigierservice<\/a><br \/>\n<a href=\"http:\/\/tanzbaer.smugmug.com\" target=\"_blank\" rel=\"noopener noreferrer\">KlickVolti<\/a><\/p>\n<\/div><\/div><\/div><div style=\"--awb-backgroundcolor:#f6f6f6;--awb-iconcolor:#000000;\" class=\"fusion-column content-box-column content-box-column content-box-column-2 col-lg-4 col-md-4 col-sm-4 fusion-content-box-hover \"><div class=\"col content-box-wrapper content-wrapper-background content-wrapper-boxed link-area-link-icon icon-hover-animation-fade\" data-animationOffset=\"top-into-view\"><div class=\"heading heading-with-icon icon-left\"><div class=\"icon\"><i style=\"border-color:#000000;border-width:1px;background-color:#ffffff;box-sizing:content-box;height:42px;width:42px;line-height:42px;top:-71px;margin-left:-21px;border-radius:50%;font-size:21px;\" aria-hidden=\"true\" class=\"fontawesome-icon fa-shield-alt fas circle-yes\"><\/i><\/div><h2 class=\"content-box-heading\" style=\"--h2_typography-font-size:18px;line-height:23px;\">Vereine<\/h2><\/div><div class=\"fusion-clearfix\"><\/div><div class=\"content-container\">\n<p><a title=\"Voltigierverein Ingelsberg\" href=\"http:\/\/vvi-online.jimdo.com\" target=\"_blank\" rel=\"noopener noreferrer\">Ingelsberg<\/a><br \/>\n<a title=\"Voltigierverein Starnberg\" href=\"http:\/\/www.vv-starnberg.de\" target=\"_blank\" rel=\"noopener noreferrer\">Starnberg<\/a><br \/>\n<a title=\"Gilching\" href=\"http:\/\/www.rvc-gilching.de\" target=\"_blank\" rel=\"noopener noreferrer\">Gilching<\/a><br \/>\n<a title=\"VRC Weicht\" href=\"http:\/\/www.vrc-weicht.de\" target=\"_blank\" rel=\"noopener noreferrer\">VRC Weicht<\/a><br \/>\n<a title=\"Pferdefreunde Donau-Lech\" href=\"http:\/\/pferdefreunde-donau-lech.jimdo.com\" target=\"_blank\" rel=\"noopener noreferrer\">Pferdefreunde\u00a0<\/a><span style=\"line-height: 1.5em;\"><a title=\"Pferdefreunde Donau-Lech\" href=\"http:\/\/pferdefreunde-donau-lech.jimdo.com\" target=\"_blank\" rel=\"noopener noreferrer\">Donau-Lech<\/a><br \/>\n<a title=\"Voltigieren Lohe\" href=\"http:\/\/voltigieren-lohe.jimdo.com\" target=\"_blank\" rel=\"noopener noreferrer\">Dinkelsb\u00fchl-Lohe<\/a><\/span><br \/>\n<a title=\"Voltigieren RC in der Point Poxdorf\" href=\"https:\/\/voltigiern-poxdorf.jimdo.com\/\" target=\"_blank\" rel=\"noopener noreferrer\">RC in der Point Poxdorf<\/a><br \/>\n<a title=\"Voltigieren Waffenschmiede\" href=\"http:\/\/voltigieren-waffenschmiede.jimdo.com\" target=\"_blank\" rel=\"noopener noreferrer\">RG Gut Waffenschmiede<\/a><br \/>\n<a title=\"VG B\u00fcchenbach\" href=\"http:\/\/www.vg-buechenbach.de\" target=\"_blank\" rel=\"noopener noreferrer\">B\u00fcchenbach<\/a><br \/>\n<a title=\"Voltigierverein Bamberg\" href=\"http:\/\/www.voltigierverein-bamberg.de\" target=\"_blank\" rel=\"noopener noreferrer\">Bamberg<\/a><br \/>\n<a title=\"Eisingen\" href=\"http:\/\/pferdesport-erbachshof.de\" target=\"_blank\" rel=\"noopener noreferrer\">PSV W\u00fcrzburg-Erbachshof (Eisingen)<\/a><br \/>\n<a title=\"RVF Oberland\" href=\"http:\/\/rvf-oberland.jimdo.com\" target=\"_blank\" rel=\"noopener noreferrer\">Oberland PSV<\/a><br \/>\n<a title=\"PSV Galopp &amp; Fun\" href=\"http:\/\/galopp-fun.jimdo.com\" target=\"_blank\" rel=\"noopener noreferrer\">Galopp &amp; Fun<br \/>\n<\/a><a title=\"Voltigieren Neustadt bei Coburg e.V:\" href=\"http:\/\/voltigieren-neustadt.jimdo.com\" target=\"_blank\" rel=\"noopener noreferrer\">Voltigieren Neustadt bei Coburg<br \/>\n<\/a><a title=\"Voltige L\u00fctisburg\" href=\"http:\/\/www.voltige-luetisburg.ch\" target=\"_blank\" rel=\"noopener noreferrer\">Voltige L\u00fctisburg<br \/>\n<\/a><a href=\"http:\/\/pferdefreundelauferland-volti.jimdo.com\" target=\"_blank\" rel=\"noopener noreferrer\">Pferdefreunde Laufer Land<\/a><br \/>\n<a href=\"http:\/\/voltigieren-coburg-hohenstein.jimdo.com\" target=\"_blank\" rel=\"noopener noreferrer\">Coburg-Hohenstein<\/a><br \/>\n<a href=\"http:\/\/vaulting-team.de\" target=\"_blank\" rel=\"noopener noreferrer\">Tattersall<\/a><br \/>\n<a href=\"http:\/\/www.voltigierabteilung-martinapfister.de\" target=\"_blank\" rel=\"noopener noreferrer\">Pleichachtal<br \/>\n<\/a><a href=\"http:\/\/rvcgutenberg-voltigieren.jimdo.com\/\" target=\"_blank\" rel=\"noopener noreferrer\">RVC Gutenberg<\/a><\/p>\n<\/div><\/div><\/div><div style=\"--awb-backgroundcolor:#f6f6f6;--awb-iconcolor:#000000;\" class=\"fusion-column content-box-column content-box-column content-box-column-3 col-lg-4 col-md-4 col-sm-4 fusion-content-box-hover content-box-column-last content-box-column-last-in-row\"><div class=\"col content-box-wrapper content-wrapper-background content-wrapper-boxed link-area-link-icon icon-hover-animation-fade\" data-animationOffset=\"top-into-view\"><div class=\"heading heading-with-icon icon-left\"><div class=\"icon\"><i style=\"border-color:#000000;border-width:1px;background-color:#ffffff;box-sizing:content-box;height:42px;width:42px;line-height:42px;top:-71px;margin-left:-21px;border-radius:50%;font-size:21px;\" aria-hidden=\"true\" class=\"fontawesome-icon fa-users fas circle-yes\"><\/i><\/div><h2 class=\"content-box-heading\" style=\"--h2_typography-font-size:18px;line-height:23px;\">Gruppen<\/h2><\/div><div class=\"fusion-clearfix\"><\/div><div class=\"content-container\">\n<p><a title=\"Ingelsberg I\" href=\"http:\/\/t1.vvi-online.de\" target=\"_blank\" rel=\"noopener noreferrer\">Ingelsberg I<\/a><br \/>\n<a title=\"Team Neuss\" href=\"http:\/\/www.teamneuss.de\" target=\"_blank\" rel=\"noopener noreferrer\">Neuss<\/a><br \/>\n<a title=\"Bamberg I\" href=\"http:\/\/bamberg1.jimdo.com\" target=\"_blank\" rel=\"noopener noreferrer\">Bamberg I<\/a><br \/>\n<a title=\"Memmingen I\" href=\"http:\/\/vrv-memmingen-t1.jimdo.com\" target=\"_blank\" rel=\"noopener noreferrer\">Memmingen I<\/a><br \/>\n<a title=\"Oberland I\" href=\"http:\/\/oberland1.jimdo.com\" target=\"_blank\" rel=\"noopener noreferrer\">Oberland I<\/a><br \/>\n<a title=\"Schwabach I\" href=\"http:\/\/schwabach1-voltigieren.jimdo.com\" target=\"_blank\" rel=\"noopener noreferrer\">Schwabach I<br \/>\n<\/a><a href=\"http:\/\/voltigieren-heubuehl.jimdo.com\/\" target=\"_blank\" rel=\"noopener noreferrer\">Heub\u00fchl I<\/a><\/p>\n<\/div><\/div><\/div><div class=\"fusion-clearfix\"><\/div><\/div><div class=\"fusion-sep-clear\"><\/div><div class=\"fusion-separator fusion-has-icon fusion-full-width-sep\" style=\"margin-left: auto;margin-right: auto;margin-top:0px;margin-bottom:40px;width:100%;\"><div class=\"fusion-separator-border sep-shadow\" style=\"--awb-height:20px;--awb-amount:20px;background:radial-gradient(ellipse at 50% -50% , #e0dede 0px, rgba(255, 255, 255, 0) 80%) repeat scroll 0 0 rgba(0, 0, 0, 0);background:-webkit-radial-gradient(ellipse at 50% -50% , #e0dede 0px, rgba(255, 255, 255, 0) 80%) repeat scroll 0 0 rgba(0, 0, 0, 0);background:-moz-radial-gradient(ellipse at 50% -50% , #e0dede 0px, rgba(255, 255, 255, 0) 80%) repeat scroll 0 0 rgba(0, 0, 0, 0);background:-o-radial-gradient(ellipse at 50% -50% , #e0dede 0px, rgba(255, 255, 255, 0) 80%) repeat scroll 0 0 rgba(0, 0, 0, 0);\"><\/div><span class=\"icon-wrapper\" style=\"border-color:#e0dede;background-color:rgba(255,255,255,0);font-size:13px;width: 1.75em; height: 1.75em;border-width:1px;padding:1px;\"><i class=\"fa-info-circle fas\" style=\"font-size: inherit;color:#e0dede;\" aria-hidden=\"true\"><\/i><\/span><div class=\"fusion-separator-border sep-shadow\" style=\"--awb-height:20px;--awb-amount:20px;background:radial-gradient(ellipse at 50% -50% , #e0dede 0px, rgba(255, 255, 255, 0) 80%) repeat scroll 0 0 rgba(0, 0, 0, 0);background:-webkit-radial-gradient(ellipse at 50% -50% , #e0dede 0px, rgba(255, 255, 255, 0) 80%) repeat scroll 0 0 rgba(0, 0, 0, 0);background:-moz-radial-gradient(ellipse at 50% -50% , #e0dede 0px, rgba(255, 255, 255, 0) 80%) repeat scroll 0 0 rgba(0, 0, 0, 0);background:-o-radial-gradient(ellipse at 50% -50% , #e0dede 0px, rgba(255, 255, 255, 0) 80%) repeat scroll 0 0 rgba(0, 0, 0, 0);\"><\/div><\/div><div class=\"fusion-sep-clear\"><\/div><div class=\"fusion-clearfix\"><\/div><\/div><\/div><div class=\"fusion-layout-column fusion_builder_column fusion-builder-column-2 fusion_builder_column_1_1 1_1 fusion-one-full fusion-column-first fusion-column-last fusion-column-no-min-height\" style=\"--awb-bg-size:cover;--awb-margin-bottom:0px;\"><div class=\"fusion-column-wrapper fusion-flex-column-wrapper-legacy\"><style type='text\/css'>.reading-box-container-1 .element-bottomshadow:before,.reading-box-container-1 .element-bottomshadow:after{opacity:0.10;}<\/style><div class=\"fusion-reading-box-container reading-box-container-1\" style=\"--awb-title-color:#333333;--awb-margin-top:0px;--awb-margin-bottom:84px;\"><div class=\"reading-box\" style=\"background-color:#f6f6f6;border-width:1px;border-color:#f6f6f6;border-top-width:3px;border-top-color:var(--primary_color);border-style:solid;\"><h2>Hinweis<\/h2><div class=\"reading-box-description fusion-reading-box-additional\">Wir m\u00f6chten ausdr\u00fccklich betonen, dass wir keinerlei Einfluss auf die Gestaltung und die Inhalte der verlinkten Seiten haben. Deshalb distanzieren wir uns hiermit ausdr\u00fccklich von allen Inhalten aller verlinkten Seiten auf dieser gesamten Webseite inkl. aller Unterseiten. Diese Erkl\u00e4rung gilt f\u00fcr alle auf dieser Homepage ausgebrachten Links und f\u00fcr alle Inhalte der Seiten, zu denen Links oder Banner f\u00fchren.<\/div><div class=\"fusion-clearfix\"><\/div><\/div><\/div><div class=\"fusion-clearfix\"><\/div><\/div><\/div><\/div><\/div>\n","protected":false},"excerpt":{"rendered":"","protected":false},"author":1,"featured_media":0,"parent":0,"menu_order":0,"comment_status":"open","ping_status":"open","template":"","meta":{"_acf_changed":false,"_bbp_topic_count":0,"_bbp_reply_count":0,"_bbp_total_topic_count":0,"_bbp_total_reply_count":0,"_bbp_voice_count":0,"_bbp_anonymous_reply_count":0,"_bbp_topic_count_hidden":0,"_bbp_reply_count_hidden":0,"_bbp_forum_subforum_count":0,"footnotes":""},"class_list":["post-24","page","type-page","status-publish","hentry"],"acf":[],"yoast_head":"<!-- This site is optimized with the Yoast SEO plugin v24.4 - https:\/\/yoast.com\/wordpress\/plugins\/seo\/ -->\n<title>Links - VuPSV Schloss Rathsberg-Erlangen e.V.<\/title>\n<meta name=\"robots\" content=\"index, follow, max-snippet:-1, max-image-preview:large, max-video-preview:-1\" \/>\n<link rel=\"canonical\" href=\"http:\/\/www.voltigieren-rathsberg.de\/wp\/links\/\" \/>\n<meta property=\"og:locale\" content=\"de_DE\" \/>\n<meta property=\"og:type\" content=\"article\" \/>\n<meta property=\"og:title\" content=\"Links - VuPSV Schloss Rathsberg-Erlangen e.V.\" \/>\n<meta property=\"og:url\" content=\"http:\/\/www.voltigieren-rathsberg.de\/wp\/links\/\" \/>\n<meta property=\"og:site_name\" content=\"VuPSV Schloss Rathsberg-Erlangen e.V.\" \/>\n<meta property=\"article:modified_time\" content=\"2019-12-05T17:07:40+00:00\" \/>\n<meta name=\"twitter:card\" content=\"summary_large_image\" \/>\n<meta name=\"twitter:label1\" content=\"Gesch\u00e4tzte Lesezeit\" \/>\n\t<meta name=\"twitter:data1\" content=\"4\u00a0Minuten\" \/>\n<script type=\"application\/ld+json\" class=\"yoast-schema-graph\">{\"@context\":\"https:\/\/schema.org\",\"@graph\":[{\"@type\":\"WebPage\",\"@id\":\"http:\/\/www.voltigieren-rathsberg.de\/wp\/links\/\",\"url\":\"http:\/\/www.voltigieren-rathsberg.de\/wp\/links\/\",\"name\":\"Links - VuPSV Schloss Rathsberg-Erlangen e.V.\",\"isPartOf\":{\"@id\":\"https:\/\/www.voltigieren-rathsberg.de\/wp\/#website\"},\"datePublished\":\"2014-03-16T20:52:31+00:00\",\"dateModified\":\"2019-12-05T17:07:40+00:00\",\"breadcrumb\":{\"@id\":\"http:\/\/www.voltigieren-rathsberg.de\/wp\/links\/#breadcrumb\"},\"inLanguage\":\"de\",\"potentialAction\":[{\"@type\":\"ReadAction\",\"target\":[\"http:\/\/www.voltigieren-rathsberg.de\/wp\/links\/\"]}]},{\"@type\":\"BreadcrumbList\",\"@id\":\"http:\/\/www.voltigieren-rathsberg.de\/wp\/links\/#breadcrumb\",\"itemListElement\":[{\"@type\":\"ListItem\",\"position\":1,\"name\":\"Startseite\",\"item\":\"https:\/\/www.voltigieren-rathsberg.de\/wp\/\"},{\"@type\":\"ListItem\",\"position\":2,\"name\":\"Links\"}]},{\"@type\":\"WebSite\",\"@id\":\"https:\/\/www.voltigieren-rathsberg.de\/wp\/#website\",\"url\":\"https:\/\/www.voltigieren-rathsberg.de\/wp\/\",\"name\":\"VuPSV Schloss Rathsberg-Erlangen e.V.\",\"description\":\"Homepage Voltigierverein Rathsberg\",\"potentialAction\":[{\"@type\":\"SearchAction\",\"target\":{\"@type\":\"EntryPoint\",\"urlTemplate\":\"https:\/\/www.voltigieren-rathsberg.de\/wp\/?s={search_term_string}\"},\"query-input\":{\"@type\":\"PropertyValueSpecification\",\"valueRequired\":true,\"valueName\":\"search_term_string\"}}],\"inLanguage\":\"de\"}]}<\/script>\n<!-- \/ Yoast SEO plugin. -->","yoast_head_json":{"title":"Links - VuPSV Schloss Rathsberg-Erlangen e.V.","robots":{"index":"index","follow":"follow","max-snippet":"max-snippet:-1","max-image-preview":"max-image-preview:large","max-video-preview":"max-video-preview:-1"},"canonical":"http:\/\/www.voltigieren-rathsberg.de\/wp\/links\/","og_locale":"de_DE","og_type":"article","og_title":"Links - VuPSV Schloss Rathsberg-Erlangen e.V.","og_url":"http:\/\/www.voltigieren-rathsberg.de\/wp\/links\/","og_site_name":"VuPSV Schloss Rathsberg-Erlangen e.V.","article_modified_time":"2019-12-05T17:07:40+00:00","twitter_card":"summary_large_image","twitter_misc":{"Gesch\u00e4tzte Lesezeit":"4\u00a0Minuten"},"schema":{"@context":"https:\/\/schema.org","@graph":[{"@type":"WebPage","@id":"http:\/\/www.voltigieren-rathsberg.de\/wp\/links\/","url":"http:\/\/www.voltigieren-rathsberg.de\/wp\/links\/","name":"Links - VuPSV Schloss Rathsberg-Erlangen e.V.","isPartOf":{"@id":"https:\/\/www.voltigieren-rathsberg.de\/wp\/#website"},"datePublished":"2014-03-16T20:52:31+00:00","dateModified":"2019-12-05T17:07:40+00:00","breadcrumb":{"@id":"http:\/\/www.voltigieren-rathsberg.de\/wp\/links\/#breadcrumb"},"inLanguage":"de","potentialAction":[{"@type":"ReadAction","target":["http:\/\/www.voltigieren-rathsberg.de\/wp\/links\/"]}]},{"@type":"BreadcrumbList","@id":"http:\/\/www.voltigieren-rathsberg.de\/wp\/links\/#breadcrumb","itemListElement":[{"@type":"ListItem","position":1,"name":"Startseite","item":"https:\/\/www.voltigieren-rathsberg.de\/wp\/"},{"@type":"ListItem","position":2,"name":"Links"}]},{"@type":"WebSite","@id":"https:\/\/www.voltigieren-rathsberg.de\/wp\/#website","url":"https:\/\/www.voltigieren-rathsberg.de\/wp\/","name":"VuPSV Schloss Rathsberg-Erlangen e.V.","description":"Homepage Voltigierverein Rathsberg","potentialAction":[{"@type":"SearchAction","target":{"@type":"EntryPoint","urlTemplate":"https:\/\/www.voltigieren-rathsberg.de\/wp\/?s={search_term_string}"},"query-input":{"@type":"PropertyValueSpecification","valueRequired":true,"valueName":"search_term_string"}}],"inLanguage":"de"}]}},"_links":{"self":[{"href":"https:\/\/www.voltigieren-rathsberg.de\/wp\/wp-json\/wp\/v2\/pages\/24","targetHints":{"allow":["GET"]}}],"collection":[{"href":"https:\/\/www.voltigieren-rathsberg.de\/wp\/wp-json\/wp\/v2\/pages"}],"about":[{"href":"https:\/\/www.voltigieren-rathsberg.de\/wp\/wp-json\/wp\/v2\/types\/page"}],"author":[{"embeddable":true,"href":"https:\/\/www.voltigieren-rathsberg.de\/wp\/wp-json\/wp\/v2\/users\/1"}],"replies":[{"embeddable":true,"href":"https:\/\/www.voltigieren-rathsberg.de\/wp\/wp-json\/wp\/v2\/comments?post=24"}],"version-history":[{"count":52,"href":"https:\/\/www.voltigieren-rathsberg.de\/wp\/wp-json\/wp\/v2\/pages\/24\/revisions"}],"predecessor-version":[{"id":10236,"href":"https:\/\/www.voltigieren-rathsberg.de\/wp\/wp-json\/wp\/v2\/pages\/24\/revisions\/10236"}],"wp:attachment":[{"href":"https:\/\/www.voltigieren-rathsberg.de\/wp\/wp-json\/wp\/v2\/media?parent=24"}],"curies":[{"name":"wp","href":"https:\/\/api.w.org\/{rel}","templated":true}]}}